{"id":172815,"date":"2025-09-18T01:00:44","date_gmt":"2025-09-25T23:00:37","guid":{"rendered":"https:\/\/gitarrentotal.nadlo.ch\/?post_type=product&#038;p=172815"},"modified":"2026-02-13T02:00:09","modified_gmt":"2026-02-13T00:00:09","slug":"se-silver-sky-derby-red","status":"publish","type":"product","link":"https:\/\/gitarrentotal.nadlo.ch\/en\/product\/se-silver-sky-derby-red\/","title":{"rendered":"SE Silver Sky | Derby Red"},"content":{"rendered":"<p>PRS SE Silver Sky | Derby RedReach For The SkyDie PRS SE Silver Sky ist eine vertraute Iteration des urspr\u00fcnglichen\u00a0Silver Sky-Modells, das erstmals mit John Mayer im Jahr 2018\u00a0vorgestellt wurde. Dieses Arbeitspferd bietet reichlich Ton und\u00a0Spielbarkeit in vier verschiedenen Farben, die Aussehen, Spielgef\u00fchl\u00a0und Klang bieten.<br \/>\nDie PRS SE Silver Sky kommt mit einem Korpus aus Pappelholz, einem\u00a0geschraubten Ahornhals und einem Palisander-Griffbrett mit PRS\u00a0Markenzeichen, den Bird-Inlays. Der 22-Bund-Hals mit einer Mensur\u00a0von 25,5&#8243; verf\u00fcgt \u00fcber die originale 635JM-Fr\u00e4sung und einen 8,5&#8243;-\u00a0Griffbrettradius, so dass sich die PRS SE Silver Sky wie zu Hause\u00a0f\u00fchlen wird. Schlie\u00dfen Sie sie an und die drei &#8220;heissen&#8221; Single-Coil\u00a0635JM &#8220;S&#8221;-Tonabnehmer &#8220;bellen&#8221; und &#8220;singen&#8221;. Diese Gitarre ist mit\u00a0einem Zweipunkt-Stahltremolo, einen Sattel aus synthetischem Knochen\u00a0und Mechaniken im Vintage-Stil ausgestattet. Weitere Designmerkmale\u00a0sind die PRS Silver Sky invertierte Kopfplattenform und der doppelt\u00a0wirkende PRS Halsstab (von der Vorderseite der Kopfplatte\u00a0zug\u00e4nglich). Sie wird mit PRS Classic 10-46 Elektrogitarrensaiten und\u00a0Gigbag geliefert.- Color: Derby RedBODY<br \/>\n&#8211; Body Construction: Solid Body<br \/>\n&#8211; Back Wood: Poplar<br \/>\n&#8211; Top Carve: Flat Top\u00a0NECK<br \/>\n&#8211; Frets: 22<br \/>\n&#8211; Scale: 25,5&#8243; (647,7 mm)<br \/>\n&#8211; Neck Wood: Maple<br \/>\n&#8211; Neck Construction: Multi-Ply<br \/>\n&#8211; Truss Rod: PRS Double-Acting<br \/>\n&#8211; Neck Shape: 635JM<br \/>\n&#8211; Neck Depth at the Nut: 53\/64&#8243; (21,03 mm)<br \/>\n&#8211; Width of the Fretboard at the Nut: 1 20\/32&#8243; (41,27 mm)<br \/>\n&#8211; Width of the Fretboard at the Body: 2 7\/32&#8243; (56,35 mm)<br \/>\n&#8211; Width of the Fretboard at the 12 1\/2 Fret: 31\/32&#8243; (24,6 mm)<br \/>\n&#8211; Fretboard Wood: Rosewood<br \/>\n&#8211; Fretboard Radius; 8,5&#8243;<br \/>\n&#8211; Fretboard Inlays: Small Birds<br \/>\n&#8211; Headstock Decal: Signature &#8220;SE&#8221;NECK\/BODY ASSEMBLY<br \/>\n&#8211; Neck\/Body Assembly Type: Bolt-OnHARDWARE<br \/>\n&#8211; Bridge: 2-Point Steel Tremolo<br \/>\n&#8211; Tuners: Vintage Style, Non-Locking<br \/>\n&#8211; Hardware: Nickel<br \/>\n&#8211; Nut:<\/p>\n","protected":false},"excerpt":{"rendered":"<p>PRS SE Silver Sky | Derby RedReach For The SkyDie PRS SE Silver Sky ist eine vertraute Iteration des urspr\u00fcnglichen\u00a0Silver [&hellip;]<\/p>\n","protected":false},"featured_media":172941,"comment_status":"open","ping_status":"closed","template":"","meta":{"_acf_changed":false},"product_brand":[],"product_cat":[1826,1848,2320,2702],"product_tag":[],"class_list":{"0":"post-172815","1":"product","2":"type-product","3":"status-publish","4":"has-post-thumbnail","6":"product_cat-guitars","7":"product_cat-e-guitars","8":"product_cat-paul-reed-smith-en","9":"product_cat-se-series-en","11":"first","12":"instock","13":"taxable","14":"shipping-taxable","15":"purchasable","16":"product-type-simple"},"acf":[],"yoast_head":"<!-- This site is optimized with the Yoast SEO plugin v26.9 - https:\/\/yoast.com\/product\/yoast-seo-wordpress\/ -->\n<title>SE Silver Sky | Derby Red - Gitarren Total<\/title>\n<meta name=\"robots\" content=\"index, follow, max-snippet:-1, max-image-preview:large, max-video-preview:-1\" \/>\n<link rel=\"canonical\" href=\"https:\/\/gitarrentotal.nadlo.ch\/en\/product\/se-silver-sky-derby-red\/\" \/>\n<meta property=\"og:locale\" content=\"en_US\" \/>\n<meta property=\"og:type\" content=\"article\" \/>\n<meta property=\"og:title\" content=\"SE Silver Sky | Derby Red - Gitarren Total\" \/>\n<meta property=\"og:description\" content=\"PRS SE Silver Sky | Derby RedReach For The SkyDie PRS SE Silver Sky ist eine vertraute Iteration des urspr\u00fcnglichen\u00a0Silver [&hellip;]\" \/>\n<meta property=\"og:url\" content=\"https:\/\/gitarrentotal.nadlo.ch\/en\/product\/se-silver-sky-derby-red\/\" \/>\n<meta property=\"og:site_name\" content=\"Gitarren Total\" \/>\n<meta property=\"article:modified_time\" content=\"2026-02-13T00:00:09+00:00\" \/>\n<meta property=\"og:image\" content=\"https:\/\/gitarrentotal.nadlo.ch\/wp-content\/uploads\/2025\/09\/PRSSESilverskyDerbyRed.jpeg\" \/>\n\t<meta property=\"og:image:width\" content=\"1920\" \/>\n\t<meta property=\"og:image:height\" content=\"663\" \/>\n\t<meta property=\"og:image:type\" content=\"image\/jpeg\" \/>\n<meta name=\"twitter:card\" content=\"summary_large_image\" \/>\n<meta name=\"twitter:label1\" content=\"Est. reading time\" \/>\n\t<meta name=\"twitter:data1\" content=\"2 minutes\" \/>\n<script type=\"application\/ld+json\" class=\"yoast-schema-graph\">{\"@context\":\"https:\/\/schema.org\",\"@graph\":[{\"@type\":\"WebPage\",\"@id\":\"https:\/\/gitarrentotal.nadlo.ch\/en\/product\/se-silver-sky-derby-red\/\",\"url\":\"https:\/\/gitarrentotal.nadlo.ch\/en\/product\/se-silver-sky-derby-red\/\",\"name\":\"SE Silver Sky | Derby Red - Gitarren Total\",\"isPartOf\":{\"@id\":\"https:\/\/gitarrentotal.nadlo.ch\/#website\"},\"primaryImageOfPage\":{\"@id\":\"https:\/\/gitarrentotal.nadlo.ch\/en\/product\/se-silver-sky-derby-red\/#primaryimage\"},\"image\":{\"@id\":\"https:\/\/gitarrentotal.nadlo.ch\/en\/product\/se-silver-sky-derby-red\/#primaryimage\"},\"thumbnailUrl\":\"https:\/\/gitarrentotal.nadlo.ch\/wp-content\/uploads\/2025\/09\/PRSSESilverskyDerbyRed.jpeg\",\"datePublished\":\"2025-09-25T23:00:37+00:00\",\"dateModified\":\"2026-02-13T00:00:09+00:00\",\"breadcrumb\":{\"@id\":\"https:\/\/gitarrentotal.nadlo.ch\/en\/product\/se-silver-sky-derby-red\/#breadcrumb\"},\"inLanguage\":\"en-US\",\"potentialAction\":[{\"@type\":\"ReadAction\",\"target\":[\"https:\/\/gitarrentotal.nadlo.ch\/en\/product\/se-silver-sky-derby-red\/\"]}]},{\"@type\":\"ImageObject\",\"inLanguage\":\"en-US\",\"@id\":\"https:\/\/gitarrentotal.nadlo.ch\/en\/product\/se-silver-sky-derby-red\/#primaryimage\",\"url\":\"https:\/\/gitarrentotal.nadlo.ch\/wp-content\/uploads\/2025\/09\/PRSSESilverskyDerbyRed.jpeg\",\"contentUrl\":\"https:\/\/gitarrentotal.nadlo.ch\/wp-content\/uploads\/2025\/09\/PRSSESilverskyDerbyRed.jpeg\",\"width\":1920,\"height\":663},{\"@type\":\"BreadcrumbList\",\"@id\":\"https:\/\/gitarrentotal.nadlo.ch\/en\/product\/se-silver-sky-derby-red\/#breadcrumb\",\"itemListElement\":[{\"@type\":\"ListItem\",\"position\":1,\"name\":\"Home\",\"item\":\"https:\/\/gitarrentotal.nadlo.ch\/en\/\"},{\"@type\":\"ListItem\",\"position\":2,\"name\":\"Store\",\"item\":\"https:\/\/gitarrentotal.nadlo.ch\/en\/shop-2\/\"},{\"@type\":\"ListItem\",\"position\":3,\"name\":\"SE Silver Sky | Derby Red\"}]},{\"@type\":\"WebSite\",\"@id\":\"https:\/\/gitarrentotal.nadlo.ch\/#website\",\"url\":\"https:\/\/gitarrentotal.nadlo.ch\/\",\"name\":\"Gitarren Total\",\"description\":\"\",\"potentialAction\":[{\"@type\":\"SearchAction\",\"target\":{\"@type\":\"EntryPoint\",\"urlTemplate\":\"https:\/\/gitarrentotal.nadlo.ch\/?s={search_term_string}\"},\"query-input\":{\"@type\":\"PropertyValueSpecification\",\"valueRequired\":true,\"valueName\":\"search_term_string\"}}],\"inLanguage\":\"en-US\"}]}<\/script>\n<!-- \/ Yoast SEO plugin. -->","yoast_head_json":{"title":"SE Silver Sky | Derby Red - Gitarren Total","robots":{"index":"index","follow":"follow","max-snippet":"max-snippet:-1","max-image-preview":"max-image-preview:large","max-video-preview":"max-video-preview:-1"},"canonical":"https:\/\/gitarrentotal.nadlo.ch\/en\/product\/se-silver-sky-derby-red\/","og_locale":"en_US","og_type":"article","og_title":"SE Silver Sky | Derby Red - Gitarren Total","og_description":"PRS SE Silver Sky | Derby RedReach For The SkyDie PRS SE Silver Sky ist eine vertraute Iteration des urspr\u00fcnglichen\u00a0Silver [&hellip;]","og_url":"https:\/\/gitarrentotal.nadlo.ch\/en\/product\/se-silver-sky-derby-red\/","og_site_name":"Gitarren Total","article_modified_time":"2026-02-13T00:00:09+00:00","og_image":[{"width":1920,"height":663,"url":"https:\/\/gitarrentotal.nadlo.ch\/wp-content\/uploads\/2025\/09\/PRSSESilverskyDerbyRed.jpeg","type":"image\/jpeg"}],"twitter_card":"summary_large_image","twitter_misc":{"Est. reading time":"2 minutes"},"schema":{"@context":"https:\/\/schema.org","@graph":[{"@type":"WebPage","@id":"https:\/\/gitarrentotal.nadlo.ch\/en\/product\/se-silver-sky-derby-red\/","url":"https:\/\/gitarrentotal.nadlo.ch\/en\/product\/se-silver-sky-derby-red\/","name":"SE Silver Sky | Derby Red - Gitarren Total","isPartOf":{"@id":"https:\/\/gitarrentotal.nadlo.ch\/#website"},"primaryImageOfPage":{"@id":"https:\/\/gitarrentotal.nadlo.ch\/en\/product\/se-silver-sky-derby-red\/#primaryimage"},"image":{"@id":"https:\/\/gitarrentotal.nadlo.ch\/en\/product\/se-silver-sky-derby-red\/#primaryimage"},"thumbnailUrl":"https:\/\/gitarrentotal.nadlo.ch\/wp-content\/uploads\/2025\/09\/PRSSESilverskyDerbyRed.jpeg","datePublished":"2025-09-25T23:00:37+00:00","dateModified":"2026-02-13T00:00:09+00:00","breadcrumb":{"@id":"https:\/\/gitarrentotal.nadlo.ch\/en\/product\/se-silver-sky-derby-red\/#breadcrumb"},"inLanguage":"en-US","potentialAction":[{"@type":"ReadAction","target":["https:\/\/gitarrentotal.nadlo.ch\/en\/product\/se-silver-sky-derby-red\/"]}]},{"@type":"ImageObject","inLanguage":"en-US","@id":"https:\/\/gitarrentotal.nadlo.ch\/en\/product\/se-silver-sky-derby-red\/#primaryimage","url":"https:\/\/gitarrentotal.nadlo.ch\/wp-content\/uploads\/2025\/09\/PRSSESilverskyDerbyRed.jpeg","contentUrl":"https:\/\/gitarrentotal.nadlo.ch\/wp-content\/uploads\/2025\/09\/PRSSESilverskyDerbyRed.jpeg","width":1920,"height":663},{"@type":"BreadcrumbList","@id":"https:\/\/gitarrentotal.nadlo.ch\/en\/product\/se-silver-sky-derby-red\/#breadcrumb","itemListElement":[{"@type":"ListItem","position":1,"name":"Home","item":"https:\/\/gitarrentotal.nadlo.ch\/en\/"},{"@type":"ListItem","position":2,"name":"Store","item":"https:\/\/gitarrentotal.nadlo.ch\/en\/shop-2\/"},{"@type":"ListItem","position":3,"name":"SE Silver Sky | Derby Red"}]},{"@type":"WebSite","@id":"https:\/\/gitarrentotal.nadlo.ch\/#website","url":"https:\/\/gitarrentotal.nadlo.ch\/","name":"Gitarren Total","description":"","potentialAction":[{"@type":"SearchAction","target":{"@type":"EntryPoint","urlTemplate":"https:\/\/gitarrentotal.nadlo.ch\/?s={search_term_string}"},"query-input":{"@type":"PropertyValueSpecification","valueRequired":true,"valueName":"search_term_string"}}],"inLanguage":"en-US"}]}},"_links":{"self":[{"href":"https:\/\/gitarrentotal.nadlo.ch\/en\/wp-json\/wp\/v2\/product\/172815","targetHints":{"allow":["GET"]}}],"collection":[{"href":"https:\/\/gitarrentotal.nadlo.ch\/en\/wp-json\/wp\/v2\/product"}],"about":[{"href":"https:\/\/gitarrentotal.nadlo.ch\/en\/wp-json\/wp\/v2\/types\/product"}],"replies":[{"embeddable":true,"href":"https:\/\/gitarrentotal.nadlo.ch\/en\/wp-json\/wp\/v2\/comments?post=172815"}],"wp:featuredmedia":[{"embeddable":true,"href":"https:\/\/gitarrentotal.nadlo.ch\/en\/wp-json\/wp\/v2\/media\/172941"}],"wp:attachment":[{"href":"https:\/\/gitarrentotal.nadlo.ch\/en\/wp-json\/wp\/v2\/media?parent=172815"}],"wp:term":[{"taxonomy":"product_brand","embeddable":true,"href":"https:\/\/gitarrentotal.nadlo.ch\/en\/wp-json\/wp\/v2\/product_brand?post=172815"},{"taxonomy":"product_cat","embeddable":true,"href":"https:\/\/gitarrentotal.nadlo.ch\/en\/wp-json\/wp\/v2\/product_cat?post=172815"},{"taxonomy":"product_tag","embeddable":true,"href":"https:\/\/gitarrentotal.nadlo.ch\/en\/wp-json\/wp\/v2\/product_tag?post=172815"}],"curies":[{"name":"wp","href":"https:\/\/api.w.org\/{rel}","templated":true}]}}