{"id":110470,"date":"2023-10-17T12:20:59","date_gmt":"2023-10-17T10:20:59","guid":{"rendered":"https:\/\/gitarrentotal.nadlo.ch\/?post_type=product&#038;p=110470"},"modified":"2023-10-17T12:30:17","modified_gmt":"2023-10-17T10:30:17","slug":"fender-engine-room-lvl5-power-supply","status":"publish","type":"product","link":"https:\/\/gitarrentotal.nadlo.ch\/en\/product\/fender-engine-room-lvl5-power-supply\/","title":{"rendered":"Fender Engine Room LVL5 Power Supply"},"content":{"rendered":"<p>Isolated power supply for effect pedals. With 8x 9V 500mA and connectors for charging devices with USB-A and USB-C.<\/p>\n<ul id=\"first-instance-shown-feature-bullets\" class=\"feature-bullets-list\">\n<li>5 grounded connectors: 5 for 9 volts DC @ 500mA<\/li>\n<li>Global power connection (100-240V AC) 50\/60Hz suitable for international use<\/li>\n<li>Standard IEC socket<\/li>\n<li>Ma\u00dfe: L\u00e4nge 85 mm, Breite 130 mm, H\u00f6he 42 mm<\/li>\n<li>5V USB-A and USB-C port for charging mobile devices<\/li>\n<li>Cable set contains:\n<ul>\n<li>2 x 2.1 mm coaxial plug 24&#8243; (60cm) length<\/li>\n<li>4 x 2.1 mm coaxial plug 18&#8243; (45cm) length<\/li>\n<li>1 x 2.1 mm coaxial plug 12&#8243; (30cm) length<\/li>\n<li>1 x 2.5mm to 2.1mm coaxial connector<\/li>\n<li>1 x 2.5mm to 2.1mm coaxial connector with reversed polarity<\/li>\n<li>1 x 3.5mm TS to 2.1mm coaxial connector<\/li>\n<li>1 x 9 volt battery clip to 2.1 mm coaxial connector<\/li>\n<\/ul>\n<\/li>\n<\/ul>\n","protected":false},"excerpt":{"rendered":"<p>Isolated power supply for effect pedals. With 8x 9V 500mA and connectors for charging devices with USB-A and USB-C. 5 [&hellip;]<\/p>\n","protected":false},"featured_media":110412,"comment_status":"closed","ping_status":"closed","template":"","meta":{"_acf_changed":false},"product_brand":[],"product_cat":[2024,1892,1891,2333,2759,2334,3880],"product_tag":[],"class_list":{"0":"post-110470","1":"product","2":"type-product","3":"status-publish","4":"has-post-thumbnail","6":"product_cat-all-products-en","7":"product_cat-accessories-en","8":"product_cat-effects","9":"product_cat-by-brand-en","10":"product_cat-fender-effectspedals-en","11":"product_cat-by-type-en","12":"product_cat-power-supply-en","14":"first","15":"instock","16":"taxable","17":"shipping-taxable","18":"purchasable","19":"product-type-simple"},"acf":[],"yoast_head":"<!-- This site is optimized with the Yoast SEO plugin v26.9 - https:\/\/yoast.com\/product\/yoast-seo-wordpress\/ -->\n<title>Fender Engine Room LVL5 Power Supply - Gitarren Total<\/title>\n<meta name=\"description\" content=\"Isolated power supply for effect pedals with 5x 9V 500mA and connectors for charging devices with USB-A and USB-C.\" \/>\n<meta name=\"robots\" content=\"index, follow, max-snippet:-1, max-image-preview:large, max-video-preview:-1\" \/>\n<link rel=\"canonical\" href=\"https:\/\/gitarrentotal.nadlo.ch\/produkt\/fender-engine-room-lvl5-power-supply\/\" \/>\n<meta property=\"og:locale\" content=\"en_US\" \/>\n<meta property=\"og:type\" content=\"article\" \/>\n<meta property=\"og:title\" content=\"Fender Engine Room LVL5 Power Supply - Gitarren Total\" \/>\n<meta property=\"og:description\" content=\"Isolated power supply for effect pedals with 5x 9V 500mA and connectors for charging devices with USB-A and USB-C.\" \/>\n<meta property=\"og:url\" content=\"https:\/\/gitarrentotal.nadlo.ch\/produkt\/fender-engine-room-lvl5-power-supply\/\" \/>\n<meta property=\"og:site_name\" content=\"Gitarren Total\" \/>\n<meta property=\"article:modified_time\" content=\"2023-10-17T10:30:17+00:00\" \/>\n<meta property=\"og:image\" content=\"https:\/\/gitarrentotal.nadlo.ch\/wp-content\/uploads\/2023\/10\/FenderEngineRoobLVL5-1-scaled.jpg\" \/>\n\t<meta property=\"og:image:width\" content=\"2560\" \/>\n\t<meta property=\"og:image:height\" content=\"973\" \/>\n\t<meta property=\"og:image:type\" content=\"image\/jpeg\" \/>\n<meta name=\"twitter:card\" content=\"summary_large_image\" \/>\n<meta name=\"twitter:label1\" content=\"Est. reading time\" \/>\n\t<meta name=\"twitter:data1\" content=\"1 minute\" \/>\n<script type=\"application\/ld+json\" class=\"yoast-schema-graph\">{\"@context\":\"https:\/\/schema.org\",\"@graph\":[{\"@type\":\"WebPage\",\"@id\":\"https:\/\/gitarrentotal.nadlo.ch\/produkt\/fender-engine-room-lvl5-power-supply\/\",\"url\":\"https:\/\/gitarrentotal.nadlo.ch\/produkt\/fender-engine-room-lvl5-power-supply\/\",\"name\":\"Fender Engine Room LVL5 Power Supply - Gitarren Total\",\"isPartOf\":{\"@id\":\"https:\/\/gitarrentotal.nadlo.ch\/#website\"},\"primaryImageOfPage\":{\"@id\":\"https:\/\/gitarrentotal.nadlo.ch\/produkt\/fender-engine-room-lvl5-power-supply\/#primaryimage\"},\"image\":{\"@id\":\"https:\/\/gitarrentotal.nadlo.ch\/produkt\/fender-engine-room-lvl5-power-supply\/#primaryimage\"},\"thumbnailUrl\":\"https:\/\/gitarrentotal.nadlo.ch\/wp-content\/uploads\/2023\/10\/FenderEngineRoobLVL5-1-scaled.jpg\",\"datePublished\":\"2023-10-17T10:20:59+00:00\",\"dateModified\":\"2023-10-17T10:30:17+00:00\",\"description\":\"Isolated power supply for effect pedals with 5x 9V 500mA and connectors for charging devices with USB-A and USB-C.\",\"breadcrumb\":{\"@id\":\"https:\/\/gitarrentotal.nadlo.ch\/produkt\/fender-engine-room-lvl5-power-supply\/#breadcrumb\"},\"inLanguage\":\"en-US\",\"potentialAction\":[{\"@type\":\"ReadAction\",\"target\":[\"https:\/\/gitarrentotal.nadlo.ch\/produkt\/fender-engine-room-lvl5-power-supply\/\"]}]},{\"@type\":\"ImageObject\",\"inLanguage\":\"en-US\",\"@id\":\"https:\/\/gitarrentotal.nadlo.ch\/produkt\/fender-engine-room-lvl5-power-supply\/#primaryimage\",\"url\":\"https:\/\/gitarrentotal.nadlo.ch\/wp-content\/uploads\/2023\/10\/FenderEngineRoobLVL5-1-scaled.jpg\",\"contentUrl\":\"https:\/\/gitarrentotal.nadlo.ch\/wp-content\/uploads\/2023\/10\/FenderEngineRoobLVL5-1-scaled.jpg\",\"width\":2560,\"height\":973},{\"@type\":\"BreadcrumbList\",\"@id\":\"https:\/\/gitarrentotal.nadlo.ch\/produkt\/fender-engine-room-lvl5-power-supply\/#breadcrumb\",\"itemListElement\":[{\"@type\":\"ListItem\",\"position\":1,\"name\":\"Home\",\"item\":\"https:\/\/gitarrentotal.nadlo.ch\/en\/\"},{\"@type\":\"ListItem\",\"position\":2,\"name\":\"Store\",\"item\":\"https:\/\/gitarrentotal.nadlo.ch\/en\/shop-2\/\"},{\"@type\":\"ListItem\",\"position\":3,\"name\":\"Fender Engine Room LVL5 Power Supply\"}]},{\"@type\":\"WebSite\",\"@id\":\"https:\/\/gitarrentotal.nadlo.ch\/#website\",\"url\":\"https:\/\/gitarrentotal.nadlo.ch\/\",\"name\":\"Gitarren Total\",\"description\":\"\",\"potentialAction\":[{\"@type\":\"SearchAction\",\"target\":{\"@type\":\"EntryPoint\",\"urlTemplate\":\"https:\/\/gitarrentotal.nadlo.ch\/?s={search_term_string}\"},\"query-input\":{\"@type\":\"PropertyValueSpecification\",\"valueRequired\":true,\"valueName\":\"search_term_string\"}}],\"inLanguage\":\"en-US\"}]}<\/script>\n<!-- \/ Yoast SEO plugin. -->","yoast_head_json":{"title":"Fender Engine Room LVL5 Power Supply - Gitarren Total","description":"Isolated power supply for effect pedals with 5x 9V 500mA and connectors for charging devices with USB-A and USB-C.","robots":{"index":"index","follow":"follow","max-snippet":"max-snippet:-1","max-image-preview":"max-image-preview:large","max-video-preview":"max-video-preview:-1"},"canonical":"https:\/\/gitarrentotal.nadlo.ch\/produkt\/fender-engine-room-lvl5-power-supply\/","og_locale":"en_US","og_type":"article","og_title":"Fender Engine Room LVL5 Power Supply - Gitarren Total","og_description":"Isolated power supply for effect pedals with 5x 9V 500mA and connectors for charging devices with USB-A and USB-C.","og_url":"https:\/\/gitarrentotal.nadlo.ch\/produkt\/fender-engine-room-lvl5-power-supply\/","og_site_name":"Gitarren Total","article_modified_time":"2023-10-17T10:30:17+00:00","og_image":[{"width":2560,"height":973,"url":"https:\/\/gitarrentotal.nadlo.ch\/wp-content\/uploads\/2023\/10\/FenderEngineRoobLVL5-1-scaled.jpg","type":"image\/jpeg"}],"twitter_card":"summary_large_image","twitter_misc":{"Est. reading time":"1 minute"},"schema":{"@context":"https:\/\/schema.org","@graph":[{"@type":"WebPage","@id":"https:\/\/gitarrentotal.nadlo.ch\/produkt\/fender-engine-room-lvl5-power-supply\/","url":"https:\/\/gitarrentotal.nadlo.ch\/produkt\/fender-engine-room-lvl5-power-supply\/","name":"Fender Engine Room LVL5 Power Supply - Gitarren Total","isPartOf":{"@id":"https:\/\/gitarrentotal.nadlo.ch\/#website"},"primaryImageOfPage":{"@id":"https:\/\/gitarrentotal.nadlo.ch\/produkt\/fender-engine-room-lvl5-power-supply\/#primaryimage"},"image":{"@id":"https:\/\/gitarrentotal.nadlo.ch\/produkt\/fender-engine-room-lvl5-power-supply\/#primaryimage"},"thumbnailUrl":"https:\/\/gitarrentotal.nadlo.ch\/wp-content\/uploads\/2023\/10\/FenderEngineRoobLVL5-1-scaled.jpg","datePublished":"2023-10-17T10:20:59+00:00","dateModified":"2023-10-17T10:30:17+00:00","description":"Isolated power supply for effect pedals with 5x 9V 500mA and connectors for charging devices with USB-A and USB-C.","breadcrumb":{"@id":"https:\/\/gitarrentotal.nadlo.ch\/produkt\/fender-engine-room-lvl5-power-supply\/#breadcrumb"},"inLanguage":"en-US","potentialAction":[{"@type":"ReadAction","target":["https:\/\/gitarrentotal.nadlo.ch\/produkt\/fender-engine-room-lvl5-power-supply\/"]}]},{"@type":"ImageObject","inLanguage":"en-US","@id":"https:\/\/gitarrentotal.nadlo.ch\/produkt\/fender-engine-room-lvl5-power-supply\/#primaryimage","url":"https:\/\/gitarrentotal.nadlo.ch\/wp-content\/uploads\/2023\/10\/FenderEngineRoobLVL5-1-scaled.jpg","contentUrl":"https:\/\/gitarrentotal.nadlo.ch\/wp-content\/uploads\/2023\/10\/FenderEngineRoobLVL5-1-scaled.jpg","width":2560,"height":973},{"@type":"BreadcrumbList","@id":"https:\/\/gitarrentotal.nadlo.ch\/produkt\/fender-engine-room-lvl5-power-supply\/#breadcrumb","itemListElement":[{"@type":"ListItem","position":1,"name":"Home","item":"https:\/\/gitarrentotal.nadlo.ch\/en\/"},{"@type":"ListItem","position":2,"name":"Store","item":"https:\/\/gitarrentotal.nadlo.ch\/en\/shop-2\/"},{"@type":"ListItem","position":3,"name":"Fender Engine Room LVL5 Power Supply"}]},{"@type":"WebSite","@id":"https:\/\/gitarrentotal.nadlo.ch\/#website","url":"https:\/\/gitarrentotal.nadlo.ch\/","name":"Gitarren Total","description":"","potentialAction":[{"@type":"SearchAction","target":{"@type":"EntryPoint","urlTemplate":"https:\/\/gitarrentotal.nadlo.ch\/?s={search_term_string}"},"query-input":{"@type":"PropertyValueSpecification","valueRequired":true,"valueName":"search_term_string"}}],"inLanguage":"en-US"}]}},"_links":{"self":[{"href":"https:\/\/gitarrentotal.nadlo.ch\/en\/wp-json\/wp\/v2\/product\/110470","targetHints":{"allow":["GET"]}}],"collection":[{"href":"https:\/\/gitarrentotal.nadlo.ch\/en\/wp-json\/wp\/v2\/product"}],"about":[{"href":"https:\/\/gitarrentotal.nadlo.ch\/en\/wp-json\/wp\/v2\/types\/product"}],"replies":[{"embeddable":true,"href":"https:\/\/gitarrentotal.nadlo.ch\/en\/wp-json\/wp\/v2\/comments?post=110470"}],"wp:featuredmedia":[{"embeddable":true,"href":"https:\/\/gitarrentotal.nadlo.ch\/en\/wp-json\/wp\/v2\/media\/110412"}],"wp:attachment":[{"href":"https:\/\/gitarrentotal.nadlo.ch\/en\/wp-json\/wp\/v2\/media?parent=110470"}],"wp:term":[{"taxonomy":"product_brand","embeddable":true,"href":"https:\/\/gitarrentotal.nadlo.ch\/en\/wp-json\/wp\/v2\/product_brand?post=110470"},{"taxonomy":"product_cat","embeddable":true,"href":"https:\/\/gitarrentotal.nadlo.ch\/en\/wp-json\/wp\/v2\/product_cat?post=110470"},{"taxonomy":"product_tag","embeddable":true,"href":"https:\/\/gitarrentotal.nadlo.ch\/en\/wp-json\/wp\/v2\/product_tag?post=110470"}],"curies":[{"name":"wp","href":"https:\/\/api.w.org\/{rel}","templated":true}]}}