{"id":85996,"date":"2019-04-24T20:24:55","date_gmt":"2019-04-24T20:24:55","guid":{"rendered":"https:\/\/gitarrentotal.nadlo.ch\/stars\/"},"modified":"2022-10-24T13:35:47","modified_gmt":"2022-10-24T11:35:47","slug":"stars","status":"publish","type":"page","link":"https:\/\/gitarrentotal.nadlo.ch\/en\/stars\/","title":{"rendered":"Stars"},"content":{"rendered":"\n<p>Nat\u00fcrlich w\u00fcrde keiner von euch jemals den Klatsch \u00fcber Stars und Sternchen lesen. Tun wir ja auch nicht. Nie. Aber was jede Zeitschrift hat, dachten wir uns, darf auf unserer Site nicht fehlen. Gitarren Total proudly presents \u2013 brandheiss und ausnahmsweise mal total wahr: Das Who\u2019s who der GT-Kundschaft.<\/p>\n\n\n\n<p><\/p>\n\n\n\t\t\n\t\t    \t\t    \t\t    <div class=\"row\">\n\t\t\t    <div class=\"col-md-5 tac\">\n\t\t\t\t    <img decoding=\"async\" src=\"https:\/\/gitarrentotal.nadlo.ch\/wp-content\/uploads\/2014\/12\/prince-02.jpg\" alt=\"Prince\" \/>\n\t\t\t    <\/div>\n\t\t\t    <div class=\"col-md-7\">\n\t\t\t\t   <p><strong>Prince<\/strong><br \/>\nK\u00f6niglicher Besuch wurde uns durch sein Management angek\u00fcndigt. Was niemand geglaubt h\u00e4tte; er kreuzte tats\u00e4chlich im Gitarren Total auf und deckte sich mit vielen seltenen Bodentretern und Instrumenten ein. \u201eShow me your weird stuff\u2026\u201c  so we did. F\u00fcr anschliessende Aufnahme Session im Powerplay Maur stellte Gitarren Total alles was das Princenherz begehrte zur Verf\u00fcgung, vom 50\u2019s Champ \u00fcber alte AC 30 bis zur \u201eWall of Plexi Marshalls\u201c durften wir eine Melange der besten Ampsounds der Welt anbieten. Wir neigen unsere H\u00e4upter in tiefer Ehrerbietung.<\/p>\n\t\t\t    <\/div>\n\t\t    <\/div>\n\t\t    \t\t    \t\t    <div class=\"row\">\n\t\t\t    <div class=\"col-md-5 tac\">\n\t\t\t\t    <img decoding=\"async\" src=\"https:\/\/gitarrentotal.nadlo.ch\/wp-content\/uploads\/2013\/11\/bruce.jpg\" alt=\"bruce\" \/>\n\t\t\t    <\/div>\n\t\t\t    <div class=\"col-md-7\">\n\t\t\t\t   <p><strong>Bruce Springsteen<\/strong><br \/>\nErste Hilfe konnten wir der Gitarre von Bruce f\u00fcr sein Konzert im Z\u00fcrcher Kongresshaus leisten. Das arme Ding hatte nicht nur schwer unter der Reise gelitten. Auch die Elektronik war komplett kollabiert. Zum Gl\u00fcck erinnerte sich der Veranstalter an die richtige Notfallnummer: Die von GT. Dank der liebevollen Rundum-Versorgung von Werner Sahli konnte der \u201eboss\u201c sein Konzert in vollen Z\u00fcgen geniessen.<\/p>\n\t\t\t    <\/div>\n\t\t    <\/div>\n\t\t    \t\t    \t\t    <div class=\"row\">\n\t\t\t    <div class=\"col-md-5 tac\">\n\t\t\t\t    <img decoding=\"async\" src=\"https:\/\/gitarrentotal.nadlo.ch\/wp-content\/uploads\/2014\/12\/muse.jpg\" alt=\"Muse\" \/>\n\t\t\t    <\/div>\n\t\t\t    <div class=\"col-md-7\">\n\t\t\t\t   <p><strong>Muse<\/strong><br \/>\nAuch bevor die Jungs zu den ganz grossen Stars wurden, hatten Sie schon ein Faible f\u00fcr die gute Gitarren. Und sammelten in unserem Laden vor ihrem Konzert einen ganzen Haufen unserer sch\u00f6nsten Les Pauls und Teles auf der Theke. H\u00e4tten wir die Muse-M\u00e4nner fr\u00fcher erkannt, w\u00e4ren wir vielleicht vor Erfurcht erstarrt. So haben wir uns einfach von ein paar echt harten Verhandlungspartnern zu einem echt fairen Mengenrabatt \u00fcberreden lassen \u2013 und uns nachher, also uns die Erkenntnis traf, umso mehr gefreut, dass unsere besten St\u00fccke in so gute H\u00e4nde gekommen sind!<\/p>\n\t\t\t    <\/div>\n\t\t    <\/div>\n\t\t    \t\t    \t\t    <div class=\"row\">\n\t\t\t    <div class=\"col-md-5 tac\">\n\t\t\t\t    <img decoding=\"async\" src=\"https:\/\/gitarrentotal.nadlo.ch\/wp-content\/uploads\/2014\/12\/kingsx.jpg\" alt=\"Kingsx\" \/>\n\t\t\t    <\/div>\n\t\t\t    <div class=\"col-md-7\">\n\t\t\t\t   <p><strong>King&#8217;s X<\/strong><br \/>\nDramatische Geschichte mit Happy End: Beim Soundcheck am Vorabend war der Roadie der Kings dank eines harten 220-Volt-Schlages aus dem Mic KO gegangen. Und hatte im Fallen den Bass von Linksh\u00e4nder Doug enthauptet. Ein Fall f\u00fcr GT: Spontan bauten wir einen unserer B\u00e4sse auf Links um \u2013 und wurden mit einer Einladung in den Tourbus belohnt.<\/p>\n\t\t\t    <\/div>\n\t\t    <\/div>\n\t\t    \t\t    \t\t    <div class=\"row\">\n\t\t\t    <div class=\"col-md-5 tac\">\n\t\t\t\t    <img decoding=\"async\" src=\"https:\/\/gitarrentotal.nadlo.ch\/wp-content\/uploads\/2014\/12\/noel-gallagher.jpg\" alt=\"Noel Gallagher\" \/>\n\t\t\t    <\/div>\n\t\t\t    <div class=\"col-md-7\">\n\t\t\t\t   <p><strong>Noel Gallagher<\/strong><br \/>\nDie Frage die alle immer besch\u00e4ftigte; welches ist jetzt der symphatischere der zwei Br\u00fcder? Ich glaube es ist Noel. Die Bodyguards mussten draussen bleiben, w\u00e4hrend sich Noel seelenruhig unsere Sammlung an Vintage Gitarren und Effekten zeigen liess. Gerne erinnere ich mich daran, wie er einige Chords auf einer billigen EKO Twelfe-String mit kaum h\u00f6rbarem Anschlag spielte. Auf meine Frage ob er immer so leise spiele antwortete er achselzuckend; \u201eI like to play quiet, if I want to play loud I use amplifiers\u2026\u201c<\/p>\n\t\t\t    <\/div>\n\t\t    <\/div>\n\t\t    \t\t    \t\t    <div class=\"row\">\n\t\t\t    <div class=\"col-md-5 tac\">\n\t\t\t\t    <img decoding=\"async\" src=\"https:\/\/gitarrentotal.nadlo.ch\/wp-content\/uploads\/2022\/06\/BradGillisGitarrenTotal-scaled-e1655200504370-1024x736.jpg\" alt=\"\" \/>\n\t\t\t    <\/div>\n\t\t\t    <div class=\"col-md-7\">\n\t\t\t\t   <p><strong>Brad Gillis (Night Ranger)<\/strong><\/p>\n\t\t\t    <\/div>\n\t\t    <\/div>\n\t\t    \t\t    \t\t    <div class=\"row\">\n\t\t\t    <div class=\"col-md-5 tac\">\n\t\t\t\t    <img decoding=\"async\" src=\"https:\/\/gitarrentotal.nadlo.ch\/wp-content\/uploads\/2014\/12\/helge-schneider.jpg\" alt=\"Helge Schneider\" \/>\n\t\t\t    <\/div>\n\t\t\t    <div class=\"col-md-7\">\n\t\t\t\t   <p><strong>Helge Schneider<\/strong><br \/>\nUnglaublich, aber schon allein durch seine Anwesenheit verstr\u00f6mte er sofort Witz und Heiterkeit im Laden. Den unverwechselbaren Helge Schneider in unserem Laden bedienen zu d\u00fcrfen war uns eine grosse Ehre. Mit sicherem Gesp\u00fcr und gutem Geschmack hat er sich einige Spielsachen bei uns ausgesucht. Wir freuen uns jetzt schon auf einen neuen Besuch dieses Ausnahmetalents<\/p>\n\t\t\t    <\/div>\n\t\t    <\/div>\n\t\t    \t\t    \t\t    <div class=\"row\">\n\t\t\t    <div class=\"col-md-5 tac\">\n\t\t\t\t    <img decoding=\"async\" src=\"https:\/\/gitarrentotal.nadlo.ch\/wp-content\/uploads\/2014\/12\/dave-gilmour.jpg\" alt=\"Dave Gilmour\" \/>\n\t\t\t    <\/div>\n\t\t\t    <div class=\"col-md-7\">\n\t\t\t\t   <p><strong>David Gilmour<\/strong><br \/>\nUnser Ruf ist inzwischen offenbar auch bis zu David Gilmours Ohren geeilt. Jedenfalls hat er seinen Roadie letztens geschickt, um einen sehr seltenen Amp (Magnaton 280) und eine wunderbare alte Gretsch (Duojet) zu pr\u00fcfen. Wir hoffen, das Ergebnis des Tests hat dem Maestro gefallen. Denn wir h\u00e4tten nichts dagegen, ihn zu unseren Kunden zu z\u00e4hlen.<\/p>\n\t\t\t    <\/div>\n\t\t    <\/div>\n\t\t    \t\t    \t\t    <div class=\"row\">\n\t\t\t    <div class=\"col-md-5 tac\">\n\t\t\t\t    <img decoding=\"async\" src=\"https:\/\/gitarrentotal.nadlo.ch\/wp-content\/uploads\/2014\/12\/gotthard.jpg\" alt=\"Gotthard\" \/>\n\t\t\t    <\/div>\n\t\t\t    <div class=\"col-md-7\">\n\t\t\t\t   <p><strong>Gotthard<\/strong><br \/>\nAm Live at Sunset h\u00e4tte Leo Leoni beinahe singen m\u00fcssen. Denn aus unerfindlichen Gr\u00fcnden kam er ohne seine Gitarre zum Konzert von Monserrat Caball\u00e9. Da wir uns dachten, dass Leo im Duett mit Monserrat blass aussehen w\u00fcrde, haben wir ihm ein Instrument per Velo express auf die B\u00fchne geliefert<\/p>\n\t\t\t    <\/div>\n\t\t    <\/div>\n\t\t    \t\t    \t\t    <div class=\"row\">\n\t\t\t    <div class=\"col-md-5 tac\">\n\t\t\t\t    <img decoding=\"async\" src=\"https:\/\/gitarrentotal.nadlo.ch\/wp-content\/uploads\/2014\/12\/paul-stanley.jpg\" alt=\"Paul Stanley\" \/>\n\t\t\t    <\/div>\n\t\t\t    <div class=\"col-md-7\">\n\t\t\t\t   <p><strong>Paul Stanley<\/strong><br \/>\nSpieglein, Spieglein an der Iceman \u2026  Paul Stanley liebt seine verspiegelte Iceman. Wohl deshalb hat er das Ding so viel gespielt, dass die Spiegel matt wurden oder abfielen. F\u00fcr diese Neuverspiegelung haben wir uns gerne unsere H\u00e4nde zerschnitten!<\/p>\n\t\t\t    <\/div>\n\t\t    <\/div>\n\t\t    \t\t    \t\t    <div class=\"row\">\n\t\t\t    <div class=\"col-md-5 tac\">\n\t\t\t\t    <img decoding=\"async\" src=\"https:\/\/gitarrentotal.nadlo.ch\/wp-content\/uploads\/2014\/12\/dimebag-darrel.jpg\" alt=\"Dimebag darrel\" \/>\n\t\t\t    <\/div>\n\t\t\t    <div class=\"col-md-7\">\n\t\t\t\t   <p><strong>Dimebag Darrell<\/strong><br \/>\nDer ehemalige Pantera Boss (m\u00f6ge er in Frieden ruhen) war eine echte Pers\u00f6nlichkeit mit ziemlich exklusiven W\u00fcnschen. Diese W\u00fcnsche haben wir in die wohl sch\u00e4rfste Gitarren-Spezialanfertigung umgesetzt, die wir je produziert haben. Und weil so etwas schier unvorstellbar ist, hier die Beweisfotos.<\/p>\n\t\t\t    <\/div>\n\t\t    <\/div>\n\t\t    \t\t    \t\t    <div class=\"row\">\n\t\t\t    <div class=\"col-md-5 tac\">\n\t\t\t\t    <img decoding=\"async\" src=\"https:\/\/gitarrentotal.nadlo.ch\/wp-content\/uploads\/2014\/12\/james-burton-telecaster.jpg\" alt=\"James Burton\" \/>\n\t\t\t    <\/div>\n\t\t\t    <div class=\"col-md-7\">\n\t\t\t\t   <p><strong>James Burton<\/strong><br \/>\nAuch er ist der Faszination unseres Gitarrenbauers W. Sahli erlegen und hat sich eine Kustom Telecaster anfertigen lassen: eine Chat die\u2019s in dieser Form nur ein einziges Mal gibt. Wir hatten viel Spass damit und w\u00fcnschen ihm das Gleiche!<\/p>\n\t\t\t    <\/div>\n\t\t    <\/div>\n\t\t    \t\t    \t\t    <div class=\"row\">\n\t\t\t    <div class=\"col-md-5 tac\">\n\t\t\t\t    <img decoding=\"async\" src=\"https:\/\/gitarrentotal.nadlo.ch\/wp-content\/uploads\/2014\/12\/charlie-hunter.jpg\" alt=\"Charlie Hunter\" \/>\n\t\t\t    <\/div>\n\t\t\t    <div class=\"col-md-7\">\n\t\t\t\t   <p><strong>Charlie Hunter<\/strong><br \/>\nDer Wilde mit den 7- und 8-Saitern ist ein echter Effectmaniac und langj\u00e4hriger Freund des Hauses. Weshalb wir immer wieder in den Genuss seiner verr\u00fcckesten Pedalboards kommen. Neuerdings baut er sie sogar selber zusammen. Wer w\u00fcrde das besser verstehen als wir?<\/p>\n\t\t\t    <\/div>\n\t\t    <\/div>\n\t\t    \t\t    \t\t    <div class=\"row\">\n\t\t\t    <div class=\"col-md-5 tac\">\n\t\t\t\t    <img decoding=\"async\" src=\"https:\/\/gitarrentotal.nadlo.ch\/wp-content\/uploads\/2014\/12\/doug_wimbish.jpg\" alt=\"Doug Wimbish\" \/>\n\t\t\t    <\/div>\n\t\t\t    <div class=\"col-md-7\">\n\t\t\t\t   <p><strong>Doug Wimbish<\/strong><br \/>\nKaufte \u00fcber \u201eSwiss Cheese and Chocolate\u201c Saschas altes t.c. electronics 2290 (das Ueberdelay). Eines seiner Lieblingsspielzeuge, wie es heisst. Freut uns!<\/p>\n\t\t\t    <\/div>\n\t\t    <\/div>\n\t\t    \t\t    \t\t    <div class=\"row\">\n\t\t\t    <div class=\"col-md-5 tac\">\n\t\t\t\t    <img decoding=\"async\" src=\"https:\/\/gitarrentotal.nadlo.ch\/wp-content\/uploads\/2014\/12\/timothy-schmit.jpg\" alt=\"Timothy Schmit\" \/>\n\t\t\t    <\/div>\n\t\t\t    <div class=\"col-md-7\">\n\t\t\t\t   <p><strong>Timothy B. Schmit (Eagles)<\/strong><br \/>\nDer Bassist der Eagles macht es seinen Roadies nicht leicht. Er hasst neue Saiten, weshalb sein Roadie die wildesten Tricks entwickelt, um neue Saiten wie die alten klingen zu lassen. Wir haben uns nicht nur gefreut, den Bass von Timothy auf Herz und Nieren zu pr\u00fcfen. Sondern auch dem Roadie einige Tricks verraten, um den neuen Saiten das Sustain und die H\u00f6hen etwas unkomplizierter abzuklemmen. Die Einladung ins Konzert haben wir nat\u00fcrlich gern angenommen.<\/p>\n\t\t\t    <\/div>\n\t\t    <\/div>\n\t\t    \t\t    \t\t    <div class=\"row\">\n\t\t\t    <div class=\"col-md-5 tac\">\n\t\t\t\t    <img decoding=\"async\" src=\"https:\/\/gitarrentotal.nadlo.ch\/wp-content\/uploads\/2014\/12\/marianne-faithfull.jpg\" alt=\"Marianne Faithfull\" \/>\n\t\t\t    <\/div>\n\t\t\t    <div class=\"col-md-7\">\n\t\t\t\t   <p><strong>Marianne Faithful<\/strong><br \/>\nFrauen sind unter den Gitarristen ja eher selten. Umso sch\u00f6ner, dass eine der ganz grossen zu uns kommt: F\u00fcr ihren Gig im Kongresshaus durften wir Marianne Faithful eine unserer Martins ausleihen.<\/p>\n\t\t\t    <\/div>\n\t\t    <\/div>\n\t\t    \t\t    \t\t    <div class=\"row\">\n\t\t\t    <div class=\"col-md-5 tac\">\n\t\t\t\t    <img decoding=\"async\" src=\"https:\/\/gitarrentotal.nadlo.ch\/wp-content\/uploads\/2014\/12\/vonda-shepard.jpg\" alt=\"Vonda Shepard\" \/>\n\t\t\t    <\/div>\n\t\t\t    <div class=\"col-md-7\">\n\t\t\t\t   <p><strong>Vonda Shepard<\/strong><br \/>\nVonda Shepard hat offenbar einen \u00e4hnlichen Geschmack und lieh sich die gleiche Martin D35 aus.<\/p>\n\t\t\t    <\/div>\n\t\t    <\/div>\n\t\t    \t\t    \t\t    <div class=\"row\">\n\t\t\t    <div class=\"col-md-5 tac\">\n\t\t\t\t    <img decoding=\"async\" src=\"https:\/\/gitarrentotal.nadlo.ch\/wp-content\/uploads\/2014\/12\/monster_magnet.jpg\" alt=\"Monster Magnet\" \/>\n\t\t\t    <\/div>\n\t\t\t    <div class=\"col-md-7\">\n\t\t\t\t   <p><strong>Monster Magnet<\/strong><br \/>\nNicht nur ganze Gitarren, sondern auch begehrte Parts sind den Stars viel Wert. Die Roadis von Monster Magnet jedenfalls fanden unsere Parts f\u00fcr Gretsch Gitarren Strap Pins eine Konzerteinladung wert.<\/p>\n\t\t\t    <\/div>\n\t\t    <\/div>\n\t\t    \t\t    \t\t    <div class=\"row\">\n\t\t\t    <div class=\"col-md-5 tac\">\n\t\t\t\t    <img decoding=\"async\" src=\"https:\/\/gitarrentotal.nadlo.ch\/wp-content\/uploads\/2014\/12\/the-bluesband.jpg\" alt=\"The Blues band\" \/>\n\t\t\t    <\/div>\n\t\t\t    <div class=\"col-md-7\">\n\t\t\t\t   <p><strong>The Blues Band<\/strong><br \/>\nGitarren im Stau: Die Blues Band war l\u00e4ngst da. Der Roadie mit dem gesamten Equipment nicht. Weshalb wir einsprangen und den Jungs Backing und fast alle Instrumente f\u00fcr Ihren Gig liehen \u2013 und wieder einmal zum Konzert eingeladen wurden. Danke!<\/p>\n\t\t\t    <\/div>\n\t\t    <\/div>\n\t\t    \t\t    \t\t    <div class=\"row\">\n\t\t\t    <div class=\"col-md-5 tac\">\n\t\t\t\t    <img decoding=\"async\" src=\"https:\/\/gitarrentotal.nadlo.ch\/wp-content\/uploads\/2014\/12\/suzanne_vega.jpg\" alt=\"Suzanne Vega\" \/>\n\t\t\t    <\/div>\n\t\t\t    <div class=\"col-md-7\">\n\t\t\t\t   <p><strong>Susanne Vega<\/strong><br \/>\nNotfallchirurgie war bei Susan Vegas Gitarre kurz vor dem Gig angesagt. Beim Konzert hat Susan sich total in unser Ersatzgitarre verliebt. Aber manche Dinge kann man eben nicht kaufen. Und dazu geh\u00f6ren definitiv auch unsere Mietgitarren. Sorry, Susan \u2026<\/p>\n\t\t\t    <\/div>\n\t\t    <\/div>\n\t\t    \t    \n\n\n\n<p><strong>An impressive list:<\/strong><br> Adrian Stern<br> Adrian Weyermann<br> Andreas Vollenweider<br> Andy White<br> Bernard Allison<br> Blumfeld<br> Briskeby (Norway)<br> Bruce Springsteen<br> Bruno Speight (Maceo Parker) <br> Bob Metzger (Leonhard Cohen)<br> Carlo Crameri (PAF)<br> Carlo Filaferro (Pepe Lienhard)<br> Celtic Frost<br> Charlie Hunter<br> Coco Sumner<br> Coroner<br> Crank<br> Cyrill Camenzind<br> Dada ante Portas<br> Dimebag Darrell (Pantera)<br> Dominic R\u00fcegg (Sina)<br> Doug Wimbish (Living Colour)<br> Efisio Contini (Dodo Hug)<br> Evelinn Trouble<br> Faber<br> Florian Ast<br> Franco Marioli (D\u00e4nu Siegrist Band)<br> Frank Niklaus (HNO)<br> Fred Frith<br> Gagey Mrozeck (Herbert Gr\u00f6nemeyer)<br> Gigi Moto<br> Gluecifer <br> Harald H\u00e4rter (Intergalactic Maiden Balled usw.)<br> Happysadv Heinz Rohrer<br> Heiri K\u00e4nzig (Vienna Art Orchester)<br> Helge Dyk (Powerplay Studios)<br> Helge Schneider<br> Hendrix Cousins<br> Herbie Kopf<br> HNO<br> Ian Berrymen (Roger &amp; the Wild Horses) <br> Iouri Podladtchikov<br> J. Mascis<br> Jacky (The Mad Cowgirl Disease) <br> James Blunt<br> James Burton (Elvis orig. Band)<br> Jean Pierre von Dach (Gigi Moto, Betty Legler)<br> Jonas Wolf (Eluveitie)<br> J\u00fcre Schmidhauser (Z\u00fcri West)<br> Keziah Jones<br> King&#8217;s X <br> Krueger Brothers<br> Kurt Scheidegger<br> Larry Woodley<br> Luca Leombruni (Sina)<br> Lockstoff<br> Leo Leoni (Gotthard)<br> Marcus Miller<br> Marianne Faithfull<br> Mark Portmann <br> Markus Stalder (Lobith)<br> Max L\u00e4sser<br> Michael von der Heide<br> MGMT<br> Monster Magnet<br> Muse<br> Natascha Atlas <br> Nadja Zela (Rosebud)<br> Okoi Jones (B\u00f6lzer)<br> Oliver Maurmann (Aeronauten)<br> Paul Camilleriv <br> Paul Etterlin<br> Paul Stanley (Kiss)<br> Pele Lerch (Sina)<br> Peter Keiser (G\u00f6l\u00e4)<br> Philip Fankhauser <br> Pierreangelo Crescenzio (DJ Bobo) <br> Pippo Pollina<br> Pl\u00fcsch <br> Prince<br> Randy M\u00fcller (Dankner, Nubya)<br> Remo Kessler (Polo Hofer, Vera Kaa)<br> Rita Ora<br> Roberto Bossard<br> Sebastian Hausmann (Fucking Beautiful)<br> Slatko &#8220;Sl\u00e4du&#8221; Perica (G\u00f6l\u00e4, Florian Ast)<br> Sophie Hunger<br> Stefan Wittwer<br> Subzonic<br> Suzanne Vega<br> Tame Impala<br> Team Sleep<br> The Blues Band<br> The Neighbourhood<br> Tobias Meinen (Freetone)<br> Tom Etter (Z\u00fcri West)<br> Tommy Vetterli<br> (Coroner, Kreator)<br> Toni Vescoli<br> Ueli Gasser (ACM, ex Swisshorns)<br> Uwe Kr\u00fcger (Kr\u00fcger Bros.)<br> Vincent Gallo<br> Vladimir Waleisa (Zirkus Monti)<br> Wonda Sheppard<br> War on Drugs<br> Werni Widmer (Blues Max)<br> Yves Reichmuth<br> Zirkus Knopf<br> &#8230;&#8230;.and many more&#8230;&#8230;.<\/p>\n","protected":false},"excerpt":{"rendered":"<p>Nat\u00fcrlich w\u00fcrde keiner von euch jemals den Klatsch \u00fcber Stars und Sternchen lesen. Tun wir ja auch nicht. Nie. Aber [&hellip;]<\/p>\n","protected":false},"author":1,"featured_media":0,"parent":0,"menu_order":0,"comment_status":"closed","ping_status":"closed","template":"","meta":{"_acf_changed":false,"footnotes":""},"class_list":["post-85996","page","type-page","status-publish","hentry"],"acf":[],"yoast_head":"<!-- This site is optimized with the Yoast SEO plugin v26.9 - https:\/\/yoast.com\/product\/yoast-seo-wordpress\/ -->\n<title>Stars - Gitarren Total<\/title>\n<meta name=\"robots\" content=\"index, follow, max-snippet:-1, max-image-preview:large, max-video-preview:-1\" \/>\n<link rel=\"canonical\" href=\"https:\/\/gitarrentotal.nadlo.ch\/en\/stars\/\" \/>\n<meta property=\"og:locale\" content=\"en_US\" \/>\n<meta property=\"og:type\" content=\"article\" \/>\n<meta property=\"og:title\" content=\"Stars - Gitarren Total\" \/>\n<meta property=\"og:description\" content=\"Nat\u00fcrlich w\u00fcrde keiner von euch jemals den Klatsch \u00fcber Stars und Sternchen lesen. Tun wir ja auch nicht. Nie. Aber [&hellip;]\" \/>\n<meta property=\"og:url\" content=\"https:\/\/gitarrentotal.nadlo.ch\/en\/stars\/\" \/>\n<meta property=\"og:site_name\" content=\"Gitarren Total\" \/>\n<meta property=\"article:modified_time\" content=\"2022-10-24T11:35:47+00:00\" \/>\n<meta name=\"twitter:card\" content=\"summary_large_image\" \/>\n<meta name=\"twitter:label1\" content=\"Est. reading time\" \/>\n\t<meta name=\"twitter:data1\" content=\"2 minutes\" \/>\n<script type=\"application\/ld+json\" class=\"yoast-schema-graph\">{\"@context\":\"https:\/\/schema.org\",\"@graph\":[{\"@type\":\"WebPage\",\"@id\":\"https:\/\/gitarrentotal.nadlo.ch\/en\/stars\/\",\"url\":\"https:\/\/gitarrentotal.nadlo.ch\/en\/stars\/\",\"name\":\"Stars - Gitarren Total\",\"isPartOf\":{\"@id\":\"https:\/\/gitarrentotal.nadlo.ch\/#website\"},\"datePublished\":\"2019-04-24T20:24:55+00:00\",\"dateModified\":\"2022-10-24T11:35:47+00:00\",\"breadcrumb\":{\"@id\":\"https:\/\/gitarrentotal.nadlo.ch\/en\/stars\/#breadcrumb\"},\"inLanguage\":\"en-US\",\"potentialAction\":[{\"@type\":\"ReadAction\",\"target\":[\"https:\/\/gitarrentotal.nadlo.ch\/en\/stars\/\"]}]},{\"@type\":\"BreadcrumbList\",\"@id\":\"https:\/\/gitarrentotal.nadlo.ch\/en\/stars\/#breadcrumb\",\"itemListElement\":[{\"@type\":\"ListItem\",\"position\":1,\"name\":\"Home\",\"item\":\"https:\/\/gitarrentotal.nadlo.ch\/en\/\"},{\"@type\":\"ListItem\",\"position\":2,\"name\":\"Stars\"}]},{\"@type\":\"WebSite\",\"@id\":\"https:\/\/gitarrentotal.nadlo.ch\/#website\",\"url\":\"https:\/\/gitarrentotal.nadlo.ch\/\",\"name\":\"Gitarren Total\",\"description\":\"\",\"potentialAction\":[{\"@type\":\"SearchAction\",\"target\":{\"@type\":\"EntryPoint\",\"urlTemplate\":\"https:\/\/gitarrentotal.nadlo.ch\/?s={search_term_string}\"},\"query-input\":{\"@type\":\"PropertyValueSpecification\",\"valueRequired\":true,\"valueName\":\"search_term_string\"}}],\"inLanguage\":\"en-US\"}]}<\/script>\n<!-- \/ Yoast SEO plugin. -->","yoast_head_json":{"title":"Stars - Gitarren Total","robots":{"index":"index","follow":"follow","max-snippet":"max-snippet:-1","max-image-preview":"max-image-preview:large","max-video-preview":"max-video-preview:-1"},"canonical":"https:\/\/gitarrentotal.nadlo.ch\/en\/stars\/","og_locale":"en_US","og_type":"article","og_title":"Stars - Gitarren Total","og_description":"Nat\u00fcrlich w\u00fcrde keiner von euch jemals den Klatsch \u00fcber Stars und Sternchen lesen. Tun wir ja auch nicht. Nie. Aber [&hellip;]","og_url":"https:\/\/gitarrentotal.nadlo.ch\/en\/stars\/","og_site_name":"Gitarren Total","article_modified_time":"2022-10-24T11:35:47+00:00","twitter_card":"summary_large_image","twitter_misc":{"Est. reading time":"2 minutes"},"schema":{"@context":"https:\/\/schema.org","@graph":[{"@type":"WebPage","@id":"https:\/\/gitarrentotal.nadlo.ch\/en\/stars\/","url":"https:\/\/gitarrentotal.nadlo.ch\/en\/stars\/","name":"Stars - Gitarren Total","isPartOf":{"@id":"https:\/\/gitarrentotal.nadlo.ch\/#website"},"datePublished":"2019-04-24T20:24:55+00:00","dateModified":"2022-10-24T11:35:47+00:00","breadcrumb":{"@id":"https:\/\/gitarrentotal.nadlo.ch\/en\/stars\/#breadcrumb"},"inLanguage":"en-US","potentialAction":[{"@type":"ReadAction","target":["https:\/\/gitarrentotal.nadlo.ch\/en\/stars\/"]}]},{"@type":"BreadcrumbList","@id":"https:\/\/gitarrentotal.nadlo.ch\/en\/stars\/#breadcrumb","itemListElement":[{"@type":"ListItem","position":1,"name":"Home","item":"https:\/\/gitarrentotal.nadlo.ch\/en\/"},{"@type":"ListItem","position":2,"name":"Stars"}]},{"@type":"WebSite","@id":"https:\/\/gitarrentotal.nadlo.ch\/#website","url":"https:\/\/gitarrentotal.nadlo.ch\/","name":"Gitarren Total","description":"","potentialAction":[{"@type":"SearchAction","target":{"@type":"EntryPoint","urlTemplate":"https:\/\/gitarrentotal.nadlo.ch\/?s={search_term_string}"},"query-input":{"@type":"PropertyValueSpecification","valueRequired":true,"valueName":"search_term_string"}}],"inLanguage":"en-US"}]}},"_links":{"self":[{"href":"https:\/\/gitarrentotal.nadlo.ch\/en\/wp-json\/wp\/v2\/pages\/85996","targetHints":{"allow":["GET"]}}],"collection":[{"href":"https:\/\/gitarrentotal.nadlo.ch\/en\/wp-json\/wp\/v2\/pages"}],"about":[{"href":"https:\/\/gitarrentotal.nadlo.ch\/en\/wp-json\/wp\/v2\/types\/page"}],"author":[{"embeddable":true,"href":"https:\/\/gitarrentotal.nadlo.ch\/en\/wp-json\/wp\/v2\/users\/1"}],"replies":[{"embeddable":true,"href":"https:\/\/gitarrentotal.nadlo.ch\/en\/wp-json\/wp\/v2\/comments?post=85996"}],"version-history":[{"count":0,"href":"https:\/\/gitarrentotal.nadlo.ch\/en\/wp-json\/wp\/v2\/pages\/85996\/revisions"}],"wp:attachment":[{"href":"https:\/\/gitarrentotal.nadlo.ch\/en\/wp-json\/wp\/v2\/media?parent=85996"}],"curies":[{"name":"wp","href":"https:\/\/api.w.org\/{rel}","templated":true}]}}